{"id":457,"date":"2024-05-30T20:17:12","date_gmt":"2024-05-30T23:17:12","guid":{"rendered":"https:\/\/origenproducts.shop\/?post_type=product&#038;p=457"},"modified":"2024-06-11T19:00:50","modified_gmt":"2024-06-11T22:00:50","slug":"emo-life","status":"publish","type":"product","link":"https:\/\/origenproducts.shop\/index.php\/product\/emo-life\/","title":{"rendered":"EMO Life 1 LT"},"content":{"rendered":"<p><strong>EMO LIFE\u00a0 BEBIDA\u00a0 FERMENTADA<\/strong>\u00a0<strong>Complemento alimenticio<\/strong>\u00a0prebi\u00f3tico de fermentaci\u00f3n natural a partir de salvado de arroz fermentado por microorganismos beneficiosos, hierbas, antioxidantes y minerales.\u00a0<span style=\"font-size: 16px;\"><strong>Simbi\u00f3tico: Combina probi\u00f3ticos y prebi\u00f3ticos .<\/strong>\u00a0<\/span><span style=\"font-size: 16px;\">Los probi\u00f3ticos llegan al intestino acompa\u00f1ados de aquellas sustancias que ayudan a su crecimiento y colonizaci\u00f3n (prebi\u00f3ticos),\u00a0<\/span><span style=\"font-size: 16px;\">que ayuda a mantener el equilibrio de la flora intestinal, adem\u00e1s c<\/span>ontiene postbi\u00f3ticos\u00a0(vitaminas y otras mol\u00e9culas beneficiosas liberadas por los microorganismos).<\/p>\n","protected":false},"excerpt":{"rendered":"<p><strong><img fetchpriority=\"high\" decoding=\"async\" class=\"alignnone size-medium wp-image-467\" src=\"http:\/\/origenproducts.shop\/wp-content\/uploads\/2024\/05\/Emo-Life-1-279x300.jpg\" alt=\"\" width=\"279\" height=\"300\" srcset=\"https:\/\/origenproducts.shop\/wp-content\/uploads\/2024\/05\/Emo-Life-1-279x300.jpg 279w, https:\/\/origenproducts.shop\/wp-content\/uploads\/2024\/05\/Emo-Life-1-954x1024.jpg 954w, https:\/\/origenproducts.shop\/wp-content\/uploads\/2024\/05\/Emo-Life-1-768x825.jpg 768w, https:\/\/origenproducts.shop\/wp-content\/uploads\/2024\/05\/Emo-Life-1-56x60.jpg 56w, https:\/\/origenproducts.shop\/wp-content\/uploads\/2024\/05\/Emo-Life-1-600x644.jpg 600w, https:\/\/origenproducts.shop\/wp-content\/uploads\/2024\/05\/Emo-Life-1.jpg 1354w\" sizes=\"(max-width: 279px) 100vw, 279px\" \/><\/strong><\/p>\n<p><strong>Complemento alimenticio<\/strong>\u00a0prebi\u00f3tico de fermentaci\u00f3n natural a partir de salvado de arroz fermentado por microorganismos beneficiosos, hierbas, antioxidantes y minerales.<\/p>\n","protected":false},"featured_media":467,"comment_status":"open","ping_status":"closed","template":"","meta":{"_monsterinsights_skip_tracking":false,"_monsterinsights_sitenote_active":false,"_monsterinsights_sitenote_note":"","_monsterinsights_sitenote_category":0},"product_brand":[],"product_cat":[18],"product_tag":[25,22,24,23],"class_list":{"0":"post-457","1":"product","2":"type-product","3":"status-publish","4":"has-post-thumbnail","6":"product_cat-uncategorized","7":"product_tag-bebidas-fermentadas","8":"product_tag-emo-life","9":"product_tag-prebioticos","10":"product_tag-probioticos","12":"first","13":"instock","14":"taxable","15":"shipping-taxable","16":"purchasable","17":"product-type-simple"},"_links":{"self":[{"href":"https:\/\/origenproducts.shop\/index.php\/wp-json\/wp\/v2\/product\/457","targetHints":{"allow":["GET"]}}],"collection":[{"href":"https:\/\/origenproducts.shop\/index.php\/wp-json\/wp\/v2\/product"}],"about":[{"href":"https:\/\/origenproducts.shop\/index.php\/wp-json\/wp\/v2\/types\/product"}],"replies":[{"embeddable":true,"href":"https:\/\/origenproducts.shop\/index.php\/wp-json\/wp\/v2\/comments?post=457"}],"wp:featuredmedia":[{"embeddable":true,"href":"https:\/\/origenproducts.shop\/index.php\/wp-json\/wp\/v2\/media\/467"}],"wp:attachment":[{"href":"https:\/\/origenproducts.shop\/index.php\/wp-json\/wp\/v2\/media?parent=457"}],"wp:term":[{"taxonomy":"product_brand","embeddable":true,"href":"https:\/\/origenproducts.shop\/index.php\/wp-json\/wp\/v2\/product_brand?post=457"},{"taxonomy":"product_cat","embeddable":true,"href":"https:\/\/origenproducts.shop\/index.php\/wp-json\/wp\/v2\/product_cat?post=457"},{"taxonomy":"product_tag","embeddable":true,"href":"https:\/\/origenproducts.shop\/index.php\/wp-json\/wp\/v2\/product_tag?post=457"}],"curies":[{"name":"wp","href":"https:\/\/api.w.org\/{rel}","templated":true}]}}