{"id":458,"date":"2024-05-30T20:26:34","date_gmt":"2024-05-30T23:26:34","guid":{"rendered":"https:\/\/origenproducts.shop\/?post_type=product&#038;p=458"},"modified":"2024-06-11T18:59:09","modified_gmt":"2024-06-11T21:59:09","slug":"emo-organik","status":"publish","type":"product","link":"https:\/\/origenproducts.shop\/index.php\/product\/emo-organik\/","title":{"rendered":"EMO Organik 1LT"},"content":{"rendered":"<p><strong><img fetchpriority=\"high\" decoding=\"async\" class=\"alignnone size-medium wp-image-465\" src=\"http:\/\/origenproducts.shop\/wp-content\/uploads\/2024\/05\/Para-WEB-22-2-252x300.jpg\" alt=\"\" width=\"252\" height=\"300\" srcset=\"https:\/\/origenproducts.shop\/wp-content\/uploads\/2024\/05\/Para-WEB-22-2-252x300.jpg 252w, https:\/\/origenproducts.shop\/wp-content\/uploads\/2024\/05\/Para-WEB-22-2-50x60.jpg 50w, https:\/\/origenproducts.shop\/wp-content\/uploads\/2024\/05\/Para-WEB-22-2.jpg 600w\" sizes=\"(max-width: 252px) 100vw, 252px\" \/><\/strong><\/p>\n<p><strong>Producto Multiuso<\/strong>\u00a0natural para limpieza biol\u00f3gica, desinfecci\u00f3n y descontaminaci\u00f3n de superficies y l\u00edquidos: desinfectante \u00e1cido-l\u00e1ctico.<\/p>\n<ul>\n<li>Elimina los malos olores: Puede usarse como ambientador<\/li>\n<li>Sin qu\u00edmicos<\/li>\n<li>Ecol\u00f3gico y respetuoso con el medio ambiente.<\/li>\n<li>Efecto antis\u00e9ptico y antiadherente: esto evita que el polvo se adhiera a las superficies.<\/li>\n<\/ul>\n<p>Contiene microrganismos beneficiosos que ayudan a descomponer la suciedad para una limpieza f\u00e1cil, controlando la expansi\u00f3n de pat\u00f3genos. Altamente concentrado: Se diluye poca cantidad en agua, durando mucho tiempo, generando un ahorro econ\u00f3mico. Trabajamos con un producto nacional y de calidad, elaborado y envasado artesanalmente respetando el medio ambiente. Priorizamos la utilizaci\u00f3n de productos 100% ecol\u00f3gicos y naturales, siempre en l\u00ednea con nuestros valores.<\/p>\n","protected":false},"excerpt":{"rendered":"<div class=\"elementor-element elementor-element-2ab1f80c elementor-widget elementor-widget-woocommerce-product-short-description\" data-id=\"2ab1f80c\" data-element_type=\"widget\" data-widget_type=\"woocommerce-product-short-description.default\">\n<div class=\"elementor-widget-container\">\n<div class=\"woocommerce-product-details__short-description\">\n<p><strong>Producto Multiuso<\/strong>\u00a0natural para limpieza biol\u00f3gica, desinfecci\u00f3n y descontaminaci\u00f3n de superficies y l\u00edquidos: desinfectante \u00e1cido-l\u00e1ctico.<\/p>\n<p>&nbsp;<\/p>\n<\/div>\n<\/div>\n<\/div>\n<div class=\"elementor-element elementor-element-679905c9 elementor-add-to-cart--align-center elementor-add-to-cart-mobile--align-center e-add-to-cart--show-quantity-yes elementor-widget elementor-widget-woocommerce-product-add-to-cart\" data-id=\"679905c9\" data-element_type=\"widget\" data-widget_type=\"woocommerce-product-add-to-cart.default\">\n<div class=\"elementor-widget-container\">\n<div class=\"elementor-add-to-cart elementor-product-simple\">\n<form class=\"cart\" action=\"https:\/\/kommeorganic.com\/producto\/emo-organik\/\" enctype=\"multipart\/form-data\" method=\"post\">\n<div class=\"quantity\"><\/div>\n<\/form>\n<\/div>\n<\/div>\n<\/div>\n","protected":false},"featured_media":466,"comment_status":"open","ping_status":"closed","template":"","meta":{"_monsterinsights_skip_tracking":false,"_monsterinsights_sitenote_active":false,"_monsterinsights_sitenote_note":"","_monsterinsights_sitenote_category":0},"product_brand":[],"product_cat":[18],"product_tag":[],"class_list":{"0":"post-458","1":"product","2":"type-product","3":"status-publish","4":"has-post-thumbnail","6":"product_cat-uncategorized","8":"first","9":"instock","10":"taxable","11":"shipping-taxable","12":"purchasable","13":"product-type-simple"},"_links":{"self":[{"href":"https:\/\/origenproducts.shop\/index.php\/wp-json\/wp\/v2\/product\/458","targetHints":{"allow":["GET"]}}],"collection":[{"href":"https:\/\/origenproducts.shop\/index.php\/wp-json\/wp\/v2\/product"}],"about":[{"href":"https:\/\/origenproducts.shop\/index.php\/wp-json\/wp\/v2\/types\/product"}],"replies":[{"embeddable":true,"href":"https:\/\/origenproducts.shop\/index.php\/wp-json\/wp\/v2\/comments?post=458"}],"wp:featuredmedia":[{"embeddable":true,"href":"https:\/\/origenproducts.shop\/index.php\/wp-json\/wp\/v2\/media\/466"}],"wp:attachment":[{"href":"https:\/\/origenproducts.shop\/index.php\/wp-json\/wp\/v2\/media?parent=458"}],"wp:term":[{"taxonomy":"product_brand","embeddable":true,"href":"https:\/\/origenproducts.shop\/index.php\/wp-json\/wp\/v2\/product_brand?post=458"},{"taxonomy":"product_cat","embeddable":true,"href":"https:\/\/origenproducts.shop\/index.php\/wp-json\/wp\/v2\/product_cat?post=458"},{"taxonomy":"product_tag","embeddable":true,"href":"https:\/\/origenproducts.shop\/index.php\/wp-json\/wp\/v2\/product_tag?post=458"}],"curies":[{"name":"wp","href":"https:\/\/api.w.org\/{rel}","templated":true}]}}