{"id":459,"date":"2024-05-30T20:29:54","date_gmt":"2024-05-30T23:29:54","guid":{"rendered":"https:\/\/origenproducts.shop\/?post_type=product&#038;p=459"},"modified":"2024-06-11T18:56:55","modified_gmt":"2024-06-11T21:56:55","slug":"emo-fitness-200-grs","status":"publish","type":"product","link":"https:\/\/origenproducts.shop\/index.php\/product\/emo-fitness-200-grs\/","title":{"rendered":"EMO Fitness 200 grs"},"content":{"rendered":"<p class=\"product_name\" style=\"text-align: left;\"><b><strong>Complemento\u00a0 alimenticio<\/strong>\u00a0a base de Salvado de Arroz Fermentado con microorgan\u00edsmos ben\u00e9ficos y az\u00facares. (Sirope de Algarroba, Panela y Melaza), los cuales son consumidos por los microorganismos durante el proceso de fermentaci\u00f3n creando \u00e1cido l\u00e1ctico, ac\u00e9tico, m\u00e1ltico.<\/b><\/p>\n<div>\n<ul>\n<li>BAJO CONTENIDO EN GRASAS SATURADAS<\/li>\n<li>MUY BAJO CONTENIDO DE SAL<\/li>\n<li>RICO EN FIBRA VEGETAL<\/li>\n<li>FUENTE DE PROTEINA VEGETAL<\/li>\n<li>APORTA 16 AMINO\u00c1CIDOS ESENCIALES<strong>\u00a0<\/strong><\/li>\n<li>APTO PARA VEGANOS<\/li>\n<li>SIN LACTOSA<\/li>\n<li>SIN GLUTEN<\/li>\n<\/ul>\n<p><strong style=\"font-size: 16px;\">ADEM\u00c1S CONTIENE:<\/strong><\/p>\n<ul>\n<li><strong>VITAMINAS:\u00a0<\/strong>A, E, B1, B3, B5 -B9<\/li>\n<li><strong>MINERALES:\u00a0<\/strong>MAGNESIO, CROMO, HIERRO, BORO, F\u00d3SFORO, COBALTO<\/li>\n<li><strong>GAMMA ORYZANOL<\/strong><\/li>\n<li><strong>EXTRACTO DE SEMILLA DE UVA \u2013 OPC<\/strong><\/li>\n<li>33.000 MILLONES DE UFC (Unidades Formadoras de Colonias)<\/li>\n<\/ul>\n<p>Elaborado y envasado artesanalmente respetando el medio ambiente.<\/p>\n<\/div>\n","protected":false},"excerpt":{"rendered":"<p><strong>Complemento\u00a0 alimenticio<\/strong>\u00a0a base de Salvado de Arroz Fermentado con microorgan\u00edsmos ben\u00e9ficos y az\u00facares. (Sirope de Algarroba, Panela y Melaza), los cuales son consumidos por los microorganismos durante el proceso de fermentaci\u00f3n creando \u00e1cido l\u00e1ctico, ac\u00e9tico, m\u00e1ltico.<\/p>\n","protected":false},"featured_media":464,"comment_status":"open","ping_status":"closed","template":"","meta":{"_monsterinsights_skip_tracking":false,"_monsterinsights_sitenote_active":false,"_monsterinsights_sitenote_note":"","_monsterinsights_sitenote_category":0},"product_brand":[],"product_cat":[18],"product_tag":[],"class_list":{"0":"post-459","1":"product","2":"type-product","3":"status-publish","4":"has-post-thumbnail","6":"product_cat-uncategorized","8":"first","9":"instock","10":"taxable","11":"shipping-taxable","12":"purchasable","13":"product-type-simple"},"_links":{"self":[{"href":"https:\/\/origenproducts.shop\/index.php\/wp-json\/wp\/v2\/product\/459","targetHints":{"allow":["GET"]}}],"collection":[{"href":"https:\/\/origenproducts.shop\/index.php\/wp-json\/wp\/v2\/product"}],"about":[{"href":"https:\/\/origenproducts.shop\/index.php\/wp-json\/wp\/v2\/types\/product"}],"replies":[{"embeddable":true,"href":"https:\/\/origenproducts.shop\/index.php\/wp-json\/wp\/v2\/comments?post=459"}],"wp:featuredmedia":[{"embeddable":true,"href":"https:\/\/origenproducts.shop\/index.php\/wp-json\/wp\/v2\/media\/464"}],"wp:attachment":[{"href":"https:\/\/origenproducts.shop\/index.php\/wp-json\/wp\/v2\/media?parent=459"}],"wp:term":[{"taxonomy":"product_brand","embeddable":true,"href":"https:\/\/origenproducts.shop\/index.php\/wp-json\/wp\/v2\/product_brand?post=459"},{"taxonomy":"product_cat","embeddable":true,"href":"https:\/\/origenproducts.shop\/index.php\/wp-json\/wp\/v2\/product_cat?post=459"},{"taxonomy":"product_tag","embeddable":true,"href":"https:\/\/origenproducts.shop\/index.php\/wp-json\/wp\/v2\/product_tag?post=459"}],"curies":[{"name":"wp","href":"https:\/\/api.w.org\/{rel}","templated":true}]}}