{"id":470,"date":"2024-06-11T15:07:38","date_gmt":"2024-06-11T18:07:38","guid":{"rendered":"https:\/\/origenproducts.shop\/?post_type=product&#038;p=470"},"modified":"2026-01-01T19:23:20","modified_gmt":"2026-01-01T22:23:20","slug":"emo-organik-para-ganaderia-x-litro","status":"publish","type":"product","link":"https:\/\/origenproducts.shop\/index.php\/product\/emo-organik-para-ganaderia-x-litro\/","title":{"rendered":"EMO ORGANIK (Para ganader\u00eda x Litro)"},"content":{"rendered":"<p><span style=\"font-weight: 400;\">SOLUCI\u00d3N MADRE MULTIUSOS\u00a0<\/span><\/p>\n<p><span style=\"font-weight: 400;\">EMOS REGENERADORES<\/span><span style=\"font-weight: 400;\">&#8230;y transforma el mundo!<\/span><\/p>\n<p><b>EMOORGANIK SOLUCION MADRE MULTIUSOS\u00a0<\/b><\/p>\n<p><span style=\"font-weight: 400;\">Multiusos para limpieza y descontaminaci\u00f3n de superficies y l\u00edquidos<\/span><\/p>\n<p><span style=\"font-weight: 400;\">Aditivo, Antioxidante.\u00a0<\/span><\/p>\n<p><b>INGREDIENTES<\/b><\/p>\n<p><span style=\"font-weight: 400;\">AGUA PURIFICADA\u00a0 , ARROZ Rice<\/span><span style=\"font-weight: 400;\"> (Orryza sativa L.) Extract<\/span><span style=\"font-weight: 400;\"> ,<\/span><\/p>\n<p><span style=\"font-weight: 400;\">FERMENTOS L\u00c1CTICOS*,<\/span><span style=\"font-weight: 400;\">Lactobacillus lactis, lysate<\/span><\/p>\n<p><span style=\"font-weight: 400;\">ENTRE OTROS<\/span><\/p>\n<p>&nbsp;<\/p>\n<p><b>MODO DE EMPLEO<\/b><\/p>\n<p><span style=\"font-weight: 400;\">LIMPIEZA DE SUPERFICIES:<\/span><\/p>\n<p><span style=\"font-weight: 400;\">Diluir 5 ml en 1L de agua y aplicar<\/span><\/p>\n<p><span style=\"font-weight: 400;\">pulverizado.Esperar unos minutos y\u00a0 pasar un trapo\u00a0<\/span><\/p>\n<p><span style=\"font-weight: 400;\">DESCONTAMINACI\u00d3N:<\/span><\/p>\n<p><span style=\"font-weight: 400;\">100 ml por litro y aplicar pulverizando.Repetir seg\u00fan necesidad.<\/span><\/p>\n<p><span style=\"font-weight: 400;\">DESCOMPOSICI\u00d3N RESTOS:<\/span><\/p>\n<p><span style=\"font-weight: 400;\">50ml + 50ml az\u00facares + 1l de AGUA y tratar. repetir la operacion cada 3-7-15 dias dependiendo del material o sustrato(Agroindustriales,Caseras.)<\/span><\/p>\n<p><span style=\"font-weight: 400;\">ADITIVO, ANTIOXIDANTE,CONSERVADOR \u00a0DE SUPERFICIES<\/span><\/p>\n<p><span style=\"font-weight: 400;\">1 A 1000\/ 1 A 10000 seg\u00fan necesidades( engrudo,hormig\u00f3n,arcillas)<\/span><\/p>\n<p><span style=\"font-weight: 400;\">DESINFECCI\u00d3N,LIMPIEZA DE INSTALACIONES .<\/span><\/p>\n<p><span style=\"font-weight: 400;\">1LEMO+20L AGUA= MEZCLAR Y APLICAR PULVERIZADO. APROX 350 metros CUADRADOS\u00a0 de instalacion<\/span><\/p>\n<p><span style=\"font-weight: 400;\">AGUAS RESIDUALES-FOSAS S\u00c9PTICAS<\/span><\/p>\n<p><span style=\"font-weight: 400;\">1 A 1000 TRATAMIENTO DE CHOQUE. APLICAR Y DEJAR ACTUAR 15 D\u00cdAS<\/span><\/p>\n<p><span style=\"font-weight: 400;\">1 A 10000 MANTENIMIENTO. MENSUAL DEPENDIENDO DE INSTALACIONES<\/span><\/p>\n<p><b>DERECHA<\/b><\/p>\n<p><span style=\"font-weight: 400;\">APLICACIONES<\/span><\/p>\n<p><span style=\"font-weight: 400;\">DESCONTAMINACON SEMILLAS. 1PARTE EMO 1PARTE AGUA Y\u00a0 REMOJAR<\/span><\/p>\n<p>&nbsp;<\/p>\n<p><span style=\"font-weight: 400;\">CONSERVACI\u00d3N<\/span><\/p>\n<p><span style=\"font-weight: 400;\">Una vez abierto el envase debe<\/span><\/p>\n<p><span style=\"font-weight: 400;\">conservarse bien cerrado en<\/span><\/p>\n<p><span style=\"font-weight: 400;\">lugar fresco y seco a menos de<\/span><\/p>\n<p><span style=\"font-weight: 400;\">30\u00baC, o en el refrigerador<\/span><\/p>\n<p>&nbsp;<\/p>\n<p><strong>ADVERTENCIAS<\/strong><\/p>\n<p><span style=\"font-weight: 400;\">Mantener fuera del alcance de<\/span><\/p>\n<p><span style=\"font-weight: 400;\">los ni\u00f1os. En caso de accidente<\/span><\/p>\n<p><span style=\"font-weight: 400;\">consultar al Servicio M\u00e9dico de<\/span><\/p>\n<p><span style=\"font-weight: 400;\">Informaci\u00f3n Toxicol\u00f3gica,<\/span><\/p>\n<p><span style=\"font-weight: 400;\">tel. 91 562 04 20<\/span><\/p>\n<p><span style=\"font-weight: 400;\">MASA NETA<\/span><\/p>\n<p><span style=\"font-weight: 400;\">1L 5L 20 L 1000L<\/span><\/p>\n","protected":false},"excerpt":{"rendered":"<p><strong>Producto Multiuso<\/strong>\u00a0natural para limpieza biol\u00f3gica, desinfecci\u00f3n y descontaminaci\u00f3n de superficies y l\u00edquidos: desinfectante \u00e1cido-l\u00e1ctico.<\/p>\n<p>&nbsp;<\/p>\n","protected":false},"featured_media":471,"comment_status":"open","ping_status":"closed","template":"","meta":{"_monsterinsights_skip_tracking":false,"_monsterinsights_sitenote_active":false,"_monsterinsights_sitenote_note":"","_monsterinsights_sitenote_category":0},"product_brand":[],"product_cat":[31],"product_tag":[],"class_list":{"0":"post-470","1":"product","2":"type-product","3":"status-publish","4":"has-post-thumbnail","6":"product_cat-ganaderia","8":"first","9":"instock","10":"taxable","11":"shipping-taxable","12":"purchasable","13":"product-type-simple"},"_links":{"self":[{"href":"https:\/\/origenproducts.shop\/index.php\/wp-json\/wp\/v2\/product\/470","targetHints":{"allow":["GET"]}}],"collection":[{"href":"https:\/\/origenproducts.shop\/index.php\/wp-json\/wp\/v2\/product"}],"about":[{"href":"https:\/\/origenproducts.shop\/index.php\/wp-json\/wp\/v2\/types\/product"}],"replies":[{"embeddable":true,"href":"https:\/\/origenproducts.shop\/index.php\/wp-json\/wp\/v2\/comments?post=470"}],"wp:featuredmedia":[{"embeddable":true,"href":"https:\/\/origenproducts.shop\/index.php\/wp-json\/wp\/v2\/media\/471"}],"wp:attachment":[{"href":"https:\/\/origenproducts.shop\/index.php\/wp-json\/wp\/v2\/media?parent=470"}],"wp:term":[{"taxonomy":"product_brand","embeddable":true,"href":"https:\/\/origenproducts.shop\/index.php\/wp-json\/wp\/v2\/product_brand?post=470"},{"taxonomy":"product_cat","embeddable":true,"href":"https:\/\/origenproducts.shop\/index.php\/wp-json\/wp\/v2\/product_cat?post=470"},{"taxonomy":"product_tag","embeddable":true,"href":"https:\/\/origenproducts.shop\/index.php\/wp-json\/wp\/v2\/product_tag?post=470"}],"curies":[{"name":"wp","href":"https:\/\/api.w.org\/{rel}","templated":true}]}}