{"id":478,"date":"2024-06-11T19:07:24","date_gmt":"2024-06-11T22:07:24","guid":{"rendered":"https:\/\/origenproducts.shop\/?post_type=product&#038;p=478"},"modified":"2026-01-01T19:20:41","modified_gmt":"2026-01-01T22:20:41","slug":"emo-life-05-l","status":"publish","type":"product","link":"https:\/\/origenproducts.shop\/index.php\/product\/emo-life-05-l\/","title":{"rendered":"EMO LIFE 0,5 L"},"content":{"rendered":"<p><span style=\"font-weight: 400;\">EMO LIFE \u00a0 BEBIDA PROBIOTICA FERMENTADA<\/span><\/p>\n<p><span style=\"font-weight: 400;\">COMPLEMENTO ALIMENTICIO A BASE DE INFUSI\u00d3N DE ARROZ\u00a0 Y, EXTRACTOS VEGETALES. FERMENTADOS CON FERMENTOS L\u00c1CTICOS Y AZ\u00daCARES\u00a0 CONSUMIDOS EN LA FERMENTACI\u00d3N. Se produce por tecnolog\u00eda fermentativa bajo estrictas condiciones higi\u00e9nicas. APPCC<\/span><\/p>\n<p>&nbsp;<\/p>\n<p><span style=\"font-weight: 400;\">INGREDIENTES\u00a0<\/span><\/p>\n<p><span style=\"font-weight: 400;\">Ingredientes: Agua filtrada y purificada, arroz\u00a0 ecol\u00f3gico,, fermentos acido l\u00e1cticos, L.Cassei-bifidus &#8211; L.Acidophilus &#8211; L.rhamnosus, Bacillus sp,extractos y fermentados de plantas y algas: tomillo(thymus vulgaris, regaliz(glycythiza glabra), zarzaparrilla(smilax aspera,cola de caballo(equisetum), espirulina,, moringaoleifera, jengibre( yemas de pino, menta officinalis,extracto de ortiga urtica dioica ,concentrado de agua de mar,, minerales, extracto de jugo de ca\u00f1a, sirope de algarroba y panela ecol\u00f3gica consumidos durante la fermentaci\u00f3n y transformados en \u00e1cido l\u00e1ctico y enzimas beneficiosas.<\/span><\/p>\n<p>&nbsp;<\/p>\n<p><span style=\"font-weight: 400;\">INGREDIENTES POR RACI\u00d3N<\/span><\/p>\n<p><span style=\"font-weight: 400;\">AGUA Y FERMENTENTOS LACTICO 88,5%,ARROZ\u00a0 ECOL\u00d3GICO 1,5%, , , EXTRACTO DE JUGO DE CA\u00d1A 5%,SIROPE DE ALGARROBA 2,5% PANELA2,5<\/span><\/p>\n<p><span style=\"font-weight: 400;\">\u00a0, EXTRACTOS DE PLANTAS 0.1%,<\/span><\/p>\n<p>&nbsp;<\/p>\n<p><span style=\"font-weight: 400;\">CONSERVACION:<\/span><\/p>\n<p><span style=\"font-weight: 400;\">ALMACENE EN LUGAR SITIO Y FRESCO Y ALEJADO DE FUENTES DE CALOR. UNA VEZ ABIERTO GUARDAR EN EL REFRIGERADOR.<\/span><\/p>\n<p>&nbsp;<\/p>\n<p><b>Modo de empleo:\u00a0<\/b><\/p>\n<p><b>tomar <\/b><span style=\"font-weight: 400;\">preferiblemente en ayunas.<\/span><\/p>\n<p><span style=\"font-weight: 400;\">Tomar<\/span><b> s\u00f3lo o diluir en agua, zumo y obtendr\u00e1 una refrescante y nutritiva bebida. Tambi\u00e9n se puede tomar con yogur, ensaladas, infusiones.<\/b><\/p>\n<p><b>Toma diaria 10 ml<\/b><\/p>\n<p>&nbsp;<\/p>\n<p><span style=\"font-weight: 400;\">ADVERTENCIAS<\/span><\/p>\n<p><span style=\"font-weight: 400;\">NO EXCEDA LA DOSIS RECOMENDADA. MANTENER ALEJADO DE LOS NI\u00d1OS. LOS COMPLEMENTOS NO DEBEN UTILIZARSE COMO SUSTITUTO DE UNA DIETA EQUILIBRADA. NO UTILIZAR EN CASO DE HIPERSENSIBILIDAD A ALGUNO DE SUS COMPONENTES.<\/span><\/p>\n<p>&nbsp;<\/p>\n<p><span style=\"font-weight: 400;\">Al\u00e9rgenos: no contiene ning\u00fan tipo de al\u00e9rgeno.<\/span><\/p>\n<p><span style=\"font-weight: 400;\">Mejora la tolerancia al trigo y a los productos l\u00e1cteos. Apto para dietas vegetarianas, cel\u00edacas y veganas.Este es un complemento alimenticio y no un producto m\u00e9dico. Los efectos no est\u00e1n garantizados.<\/span><\/p>\n<p>&nbsp;<\/p>\n<p><span style=\"font-weight: 400;\">ADVERTENCIAS<\/span><\/p>\n<p><span style=\"font-weight: 400;\">NO EXCEDA LA DOSIS RECOMENDADA. MANTENER ALEJADO DE LOS NI\u00d1OS. LOS COMPLEMENTOS NO DEBEN UTILIZARSE COMO SUSTITUTO DE UNA DIETA EQUILIBRADA. NO UTILIZAR EN CASO DE HIPERSENSIBILIDAD A ALGUNO DE SUS COMPONENTES.<\/span><\/p>\n<p>&nbsp;<\/p>\n<p><span style=\"font-weight: 400;\">Al\u00e9rgenos: no contiene ning\u00fan tipo de al\u00e9rgeno.<\/span><\/p>\n<p><span style=\"font-weight: 400;\">Mejora la tolerancia al trigo y a los productos l\u00e1cteos. Apto para dietas vegetarianas, cel\u00edacas y veganas.<\/span><\/p>\n<p><span style=\"font-weight: 400;\">Este es un complemento alimenticio y no un producto m\u00e9dico. Los efectos no est\u00e1n garantizados.<\/span><\/p>\n<p>&nbsp;<\/p>\n<p><span style=\"font-weight: 400;\">INGESTA DE REFERENCIADE UN ADULTO MEDIO 8400 KJ\/2000 Kcal\u00a0<\/span><\/p>\n<p><span style=\"font-weight: 400;\">INGESTA DE REFERENCIADE UN ADULTO MEDIO 8400 KJ\/2000 Kcal<\/span><\/p>\n","protected":false},"excerpt":{"rendered":"<p><strong>EMO LIFE\u00a0 BEBIDA\u00a0 FERMENTADA<\/strong>\u00a0<strong>Complemento alimenticio<\/strong>\u00a0prebi\u00f3tico de fermentaci\u00f3n natural a partir de salvado de arroz fermentado por microorganismos beneficiosos, hierbas, antioxidantes y minerales.\u00a0<span style=\"font-size: 16px;\"><strong>Simbi\u00f3tico: Combina probi\u00f3ticos y prebi\u00f3ticos .<\/strong>\u00a0<\/span><span style=\"font-size: 16px;\">Los probi\u00f3ticos llegan al intestino acompa\u00f1ados de aquellas sustancias que ayudan a su crecimiento y colonizaci\u00f3n (prebi\u00f3ticos),\u00a0<\/span><span style=\"font-size: 16px;\">que ayuda a mantener el equilibrio de la flora intestinal, adem\u00e1s c<\/span>ontiene postbi\u00f3ticos\u00a0(vitaminas y otras mol\u00e9culas beneficiosas liberadas por los microorganismos).<\/p>\n<ul>\n<li>BAJO EN CALORIAS<\/li>\n<li>SIN GRASAS<\/li>\n<li>SIN GRASAS SAURADAS<\/li>\n<li>BAJO EN AZ\u00daCARES<\/li>\n<li>VEGANO<\/li>\n<li>SIN GLUTEN<\/li>\n<li>SIN LACTOSA<\/li>\n<\/ul>\n<p>Fermentos de origen biol\u00f3gico y comercio justo. Se produce por tecnolog\u00eda fermentativa bajo estrictas condiciones higi\u00e9nicas. APPCC<\/p>\n<p>&nbsp;<\/p>\n","protected":false},"featured_media":479,"comment_status":"open","ping_status":"closed","template":"","meta":{"_monsterinsights_skip_tracking":false,"_monsterinsights_sitenote_active":false,"_monsterinsights_sitenote_note":"","_monsterinsights_sitenote_category":0},"product_brand":[],"product_cat":[28],"product_tag":[],"class_list":{"0":"post-478","1":"product","2":"type-product","3":"status-publish","4":"has-post-thumbnail","6":"product_cat-alimentacion","8":"first","9":"instock","10":"taxable","11":"shipping-taxable","12":"purchasable","13":"product-type-simple"},"_links":{"self":[{"href":"https:\/\/origenproducts.shop\/index.php\/wp-json\/wp\/v2\/product\/478","targetHints":{"allow":["GET"]}}],"collection":[{"href":"https:\/\/origenproducts.shop\/index.php\/wp-json\/wp\/v2\/product"}],"about":[{"href":"https:\/\/origenproducts.shop\/index.php\/wp-json\/wp\/v2\/types\/product"}],"replies":[{"embeddable":true,"href":"https:\/\/origenproducts.shop\/index.php\/wp-json\/wp\/v2\/comments?post=478"}],"wp:featuredmedia":[{"embeddable":true,"href":"https:\/\/origenproducts.shop\/index.php\/wp-json\/wp\/v2\/media\/479"}],"wp:attachment":[{"href":"https:\/\/origenproducts.shop\/index.php\/wp-json\/wp\/v2\/media?parent=478"}],"wp:term":[{"taxonomy":"product_brand","embeddable":true,"href":"https:\/\/origenproducts.shop\/index.php\/wp-json\/wp\/v2\/product_brand?post=478"},{"taxonomy":"product_cat","embeddable":true,"href":"https:\/\/origenproducts.shop\/index.php\/wp-json\/wp\/v2\/product_cat?post=478"},{"taxonomy":"product_tag","embeddable":true,"href":"https:\/\/origenproducts.shop\/index.php\/wp-json\/wp\/v2\/product_tag?post=478"}],"curies":[{"name":"wp","href":"https:\/\/api.w.org\/{rel}","templated":true}]}}