{"id":482,"date":"2024-06-11T19:15:14","date_gmt":"2024-06-11T22:15:14","guid":{"rendered":"https:\/\/origenproducts.shop\/?post_type=product&#038;p=482"},"modified":"2026-01-01T19:19:12","modified_gmt":"2026-01-01T22:19:12","slug":"multimineral","status":"publish","type":"product","link":"https:\/\/origenproducts.shop\/index.php\/product\/multimineral\/","title":{"rendered":"MULTIMINERAL"},"content":{"rendered":"<p><strong>ABONO CON MICROELEMENTOS COMPLEJADOS APTO PARA AGRICULTURA ECOL\u00d3GICA FERTILIZANTE ECOL\u00d3GICO<\/strong><\/p>\n<p><strong>EMO MULTIMINERAL<\/strong>\u00a0es un abono con microelementos complejados con lignosulfonatos que aporta y favorece el desbloqueo de muchos nutrientes que no se encuentran disponibles para las plantas. Aumenta la capacidad de intercambio cati\u00f3nico e incrementa la asimilaci\u00f3n de nutrientes al contener un amplio compendio de minerales marinos.<\/p>\n<p><strong>EMO MULTIMINERAL<\/strong>\u00a0mejora la bioestructuraci\u00f3n del suelo y hace m\u00e1s resistente a las plantas ante situaciones de estr\u00e9s, altas temperaturas y presencia de plagas y enfermedades, etc.<\/p>\n","protected":false},"excerpt":{"rendered":"<p><strong>ABONO CON MICROELEMENTOS COMPLEJADOS APTO PARA AGRICULTURA ECOL\u00d3GICA FERTILIZANTE ECOL\u00d3GICO<\/strong><\/p>\n","protected":false},"featured_media":483,"comment_status":"open","ping_status":"closed","template":"","meta":{"_monsterinsights_skip_tracking":false,"_monsterinsights_sitenote_active":false,"_monsterinsights_sitenote_note":"","_monsterinsights_sitenote_category":0},"product_brand":[],"product_cat":[30],"product_tag":[],"class_list":{"0":"post-482","1":"product","2":"type-product","3":"status-publish","4":"has-post-thumbnail","6":"product_cat-agricultura","8":"first","9":"instock","10":"taxable","11":"shipping-taxable","12":"product-type-simple"},"_links":{"self":[{"href":"https:\/\/origenproducts.shop\/index.php\/wp-json\/wp\/v2\/product\/482","targetHints":{"allow":["GET"]}}],"collection":[{"href":"https:\/\/origenproducts.shop\/index.php\/wp-json\/wp\/v2\/product"}],"about":[{"href":"https:\/\/origenproducts.shop\/index.php\/wp-json\/wp\/v2\/types\/product"}],"replies":[{"embeddable":true,"href":"https:\/\/origenproducts.shop\/index.php\/wp-json\/wp\/v2\/comments?post=482"}],"wp:featuredmedia":[{"embeddable":true,"href":"https:\/\/origenproducts.shop\/index.php\/wp-json\/wp\/v2\/media\/483"}],"wp:attachment":[{"href":"https:\/\/origenproducts.shop\/index.php\/wp-json\/wp\/v2\/media?parent=482"}],"wp:term":[{"taxonomy":"product_brand","embeddable":true,"href":"https:\/\/origenproducts.shop\/index.php\/wp-json\/wp\/v2\/product_brand?post=482"},{"taxonomy":"product_cat","embeddable":true,"href":"https:\/\/origenproducts.shop\/index.php\/wp-json\/wp\/v2\/product_cat?post=482"},{"taxonomy":"product_tag","embeddable":true,"href":"https:\/\/origenproducts.shop\/index.php\/wp-json\/wp\/v2\/product_tag?post=482"}],"curies":[{"name":"wp","href":"https:\/\/api.w.org\/{rel}","templated":true}]}}