{"id":484,"date":"2024-06-11T19:20:22","date_gmt":"2024-06-11T22:20:22","guid":{"rendered":"https:\/\/origenproducts.shop\/?post_type=product&#038;p=484"},"modified":"2026-01-01T19:17:56","modified_gmt":"2026-01-01T22:17:56","slug":"emo-jabon","status":"publish","type":"product","link":"https:\/\/origenproducts.shop\/index.php\/product\/emo-jabon\/","title":{"rendered":"EMO JAB\u00d3N"},"content":{"rendered":"<p><strong>Jab\u00f3n con Biotecnolog\u00eda\u00a0<\/strong>para el cuidado personal, regeneraci\u00f3n celular y Anti-Aging.<\/p>\n<p>Beneficioso para pieles da\u00f1adas por la Psoriasis o con otro tipo de dolencias que generen picor, descamaci\u00f3n o inflamaci\u00f3n de piel.<\/p>\n<p>Indicado para la higiene facial de las pieles at\u00f3picas, mixtas, grasas, con tendencia al acn\u00e9, quemaduras solares o accidentales.<\/p>\n<p>Ayuda a reducir el Escozor, Irritaci\u00f3n, \u00dalceras y Picaduras en la piel.<\/p>\n<p>Ideal a mejorar las reacciones al pa\u00f1al de los beb\u00e9s, Irritaci\u00f3n de los pezones de las madres lactantes, y todo lo que tenga que ver con el cuidado de la piel y el cuero cabelludo.<\/p>\n<ul>\n<li>Lucha contra el acn\u00e9<\/li>\n<li>Beneficioso en tratamiento contra la Psoriasis<\/li>\n<li>Cuidado para todo tipo de pieles<\/li>\n<\/ul>\n<p><strong>Trabajamos<\/strong>\u00a0con un producto\u00a0<strong>nacional<\/strong>\u00a0y de\u00a0<strong>calidad<\/strong>, elaborado y envasado\u00a0<strong>artesanalmente<\/strong>\u00a0respetando el\u00a0<strong>medio<\/strong>\u00a0<strong>ambiente<\/strong>. Priorizamos la utilizaci\u00f3n de productos\u00a0<strong>100% ecol\u00f3gicos<\/strong>\u00a0y\u00a0<strong>naturales<\/strong>, siempre en\u00a0<strong>l\u00ednea<\/strong>\u00a0con nuestros\u00a0<strong>valores<\/strong>.<\/p>\n","protected":false},"excerpt":{"rendered":"<p>Jab\u00f3n con Biotecnolog\u00eda\u00a0para el cuidado personal, regeneraci\u00f3n celular y Anti-Aging. Beneficioso para pieles da\u00f1adas por la Psoriasis o con otro tipo de dolencias que generen picor, descamaci\u00f3n o inflamaci\u00f3n de piel. Indicado para la higiene facial de las pieles at\u00f3picas, mixtas, grasas, con tendencia al acn\u00e9, quemaduras solares o accidentales. Ayuda a reducir el Escozor, &hellip; <\/p>\n","protected":false},"featured_media":485,"comment_status":"open","ping_status":"closed","template":"","meta":{"_monsterinsights_skip_tracking":false,"_monsterinsights_sitenote_active":false,"_monsterinsights_sitenote_note":"","_monsterinsights_sitenote_category":0},"product_brand":[],"product_cat":[29,26],"product_tag":[],"class_list":{"0":"post-484","1":"product","2":"type-product","3":"status-publish","4":"has-post-thumbnail","6":"product_cat-cuidado-consciente","7":"product_cat-salud","9":"first","10":"instock","11":"taxable","12":"shipping-taxable","13":"purchasable","14":"product-type-simple"},"_links":{"self":[{"href":"https:\/\/origenproducts.shop\/index.php\/wp-json\/wp\/v2\/product\/484","targetHints":{"allow":["GET"]}}],"collection":[{"href":"https:\/\/origenproducts.shop\/index.php\/wp-json\/wp\/v2\/product"}],"about":[{"href":"https:\/\/origenproducts.shop\/index.php\/wp-json\/wp\/v2\/types\/product"}],"replies":[{"embeddable":true,"href":"https:\/\/origenproducts.shop\/index.php\/wp-json\/wp\/v2\/comments?post=484"}],"wp:featuredmedia":[{"embeddable":true,"href":"https:\/\/origenproducts.shop\/index.php\/wp-json\/wp\/v2\/media\/485"}],"wp:attachment":[{"href":"https:\/\/origenproducts.shop\/index.php\/wp-json\/wp\/v2\/media?parent=484"}],"wp:term":[{"taxonomy":"product_brand","embeddable":true,"href":"https:\/\/origenproducts.shop\/index.php\/wp-json\/wp\/v2\/product_brand?post=484"},{"taxonomy":"product_cat","embeddable":true,"href":"https:\/\/origenproducts.shop\/index.php\/wp-json\/wp\/v2\/product_cat?post=484"},{"taxonomy":"product_tag","embeddable":true,"href":"https:\/\/origenproducts.shop\/index.php\/wp-json\/wp\/v2\/product_tag?post=484"}],"curies":[{"name":"wp","href":"https:\/\/api.w.org\/{rel}","templated":true}]}}