{"id":486,"date":"2024-06-11T19:23:27","date_gmt":"2024-06-11T22:23:27","guid":{"rendered":"https:\/\/origenproducts.shop\/?post_type=product&#038;p=486"},"modified":"2026-01-01T19:17:21","modified_gmt":"2026-01-01T22:17:21","slug":"melaza-morena-1l","status":"publish","type":"product","link":"https:\/\/origenproducts.shop\/index.php\/product\/melaza-morena-1l\/","title":{"rendered":"Melaza Morena \u2013 1L"},"content":{"rendered":"<p>Melaza de remolacha\/ca\u00f1a; Subproductos de la fabricaci\u00f3n de levadura panificable; Glicerina (100% origen vegetal); \u00c1cido Fosf\u00f3rico; \u00c1cido Propi\u00f3nico.<\/p>\n<p>INDICACIONES Y MODO DE EMPLEO<br \/>\nPienso complementario para a\u00f1adir sobre raci\u00f3n completa, sobre los forrajes, en los carros mezcladores o en lamederos apropiados, formulado para mejorar la ingesti\u00f3n y la digestibilidad de la raci\u00f3n y los forrajes.<\/p>\n<p>Peso deposito 1320 kg<\/p>\n","protected":false},"excerpt":{"rendered":"<p>Melaza de remolacha\/ca\u00f1a; Subproductos de la fabricaci\u00f3n de levadura panificable; Glicerina (100% origen vegetal); \u00c1cido Fosf\u00f3rico; \u00c1cido Propi\u00f3nico.<\/p>\n","protected":false},"featured_media":487,"comment_status":"open","ping_status":"closed","template":"","meta":{"_monsterinsights_skip_tracking":false,"_monsterinsights_sitenote_active":false,"_monsterinsights_sitenote_note":"","_monsterinsights_sitenote_category":0},"product_brand":[],"product_cat":[28],"product_tag":[],"class_list":{"0":"post-486","1":"product","2":"type-product","3":"status-publish","4":"has-post-thumbnail","6":"product_cat-alimentacion","8":"first","9":"instock","10":"taxable","11":"shipping-taxable","12":"purchasable","13":"product-type-simple"},"_links":{"self":[{"href":"https:\/\/origenproducts.shop\/index.php\/wp-json\/wp\/v2\/product\/486","targetHints":{"allow":["GET"]}}],"collection":[{"href":"https:\/\/origenproducts.shop\/index.php\/wp-json\/wp\/v2\/product"}],"about":[{"href":"https:\/\/origenproducts.shop\/index.php\/wp-json\/wp\/v2\/types\/product"}],"replies":[{"embeddable":true,"href":"https:\/\/origenproducts.shop\/index.php\/wp-json\/wp\/v2\/comments?post=486"}],"wp:featuredmedia":[{"embeddable":true,"href":"https:\/\/origenproducts.shop\/index.php\/wp-json\/wp\/v2\/media\/487"}],"wp:attachment":[{"href":"https:\/\/origenproducts.shop\/index.php\/wp-json\/wp\/v2\/media?parent=486"}],"wp:term":[{"taxonomy":"product_brand","embeddable":true,"href":"https:\/\/origenproducts.shop\/index.php\/wp-json\/wp\/v2\/product_brand?post=486"},{"taxonomy":"product_cat","embeddable":true,"href":"https:\/\/origenproducts.shop\/index.php\/wp-json\/wp\/v2\/product_cat?post=486"},{"taxonomy":"product_tag","embeddable":true,"href":"https:\/\/origenproducts.shop\/index.php\/wp-json\/wp\/v2\/product_tag?post=486"}],"curies":[{"name":"wp","href":"https:\/\/api.w.org\/{rel}","templated":true}]}}