{"id":488,"date":"2024-06-11T19:27:05","date_gmt":"2024-06-11T22:27:05","guid":{"rendered":"https:\/\/origenproducts.shop\/?post_type=product&#038;p=488"},"modified":"2026-01-01T19:16:50","modified_gmt":"2026-01-01T22:16:50","slug":"emo-body-cacao-200-gr","status":"publish","type":"product","link":"https:\/\/origenproducts.shop\/index.php\/product\/emo-body-cacao-200-gr\/","title":{"rendered":"EMO BODY CACAO 200 GR"},"content":{"rendered":"<p><b>EMO BODY CACAO.ECO <\/b><span style=\"font-weight: 400;\">CACAO EN POLVO FERMENTADO.\u00a0 ALIMENTO PREBI\u00d3TICO y probiotico fermentado\u00a0<\/span><\/p>\n<p><span style=\"font-weight: 400;\">Preparado alimenticio al cacao con microorganismos regeneradores<\/span><\/p>\n<p><span style=\"font-weight: 400;\">Preparaci\u00f3n<\/span><\/p>\n<p><span style=\"font-weight: 400;\">Sirvase a su\u00a0 gusto en una taza y a\u00f1ade un poco de leche, agua o cualquier leche vegetal remueve con energ\u00eda y termina de llenar la taza tendr\u00e1s listo para tomar t\u00fa sabroso emo cao<\/span><\/p>\n<p><b>Ingredientes:<\/b><span style=\"font-weight: 400;\"> cacao\u00a0 alcalinizado 10 12 ecol\u00f3gico, emo body salvado de arroz fermentado con probioticos ben\u00e9ficos.<\/span><\/p>\n<p><span style=\"font-weight: 400;\">Conservaci\u00f3n<\/span><\/p>\n<p><span style=\"font-weight: 400;\">\u00a0mantener en lugar fresco y seco<\/span><\/p>\n<p><span style=\"font-weight: 400;\">Consumir preferentemente antes del<\/span><\/p>\n<p><span style=\"font-weight: 400;\">Peso 250 g<\/span><\/p>\n<p><span style=\"font-weight: 400;\">Lote<\/span><\/p>\n","protected":false},"excerpt":{"rendered":"<p><strong>EMO CACAO\u00a0<\/strong>en polvo Org\u00e1nico y Ecol\u00f3gico, se diferencia del cacao normal por su bajo contenido de grasa, adem\u00e1s est\u00e1 enriquecido con\u00a0<strong>EMO Body,\u00a0<\/strong>(Salvado de Arroz Fermentado\u00a0 por microorganismos ben\u00e9ficos).<\/p>\n","protected":false},"featured_media":489,"comment_status":"open","ping_status":"closed","template":"","meta":{"_monsterinsights_skip_tracking":false,"_monsterinsights_sitenote_active":false,"_monsterinsights_sitenote_note":"","_monsterinsights_sitenote_category":0},"product_brand":[],"product_cat":[28],"product_tag":[],"class_list":{"0":"post-488","1":"product","2":"type-product","3":"status-publish","4":"has-post-thumbnail","6":"product_cat-alimentacion","8":"first","9":"instock","10":"taxable","11":"shipping-taxable","12":"purchasable","13":"product-type-simple"},"_links":{"self":[{"href":"https:\/\/origenproducts.shop\/index.php\/wp-json\/wp\/v2\/product\/488","targetHints":{"allow":["GET"]}}],"collection":[{"href":"https:\/\/origenproducts.shop\/index.php\/wp-json\/wp\/v2\/product"}],"about":[{"href":"https:\/\/origenproducts.shop\/index.php\/wp-json\/wp\/v2\/types\/product"}],"replies":[{"embeddable":true,"href":"https:\/\/origenproducts.shop\/index.php\/wp-json\/wp\/v2\/comments?post=488"}],"wp:featuredmedia":[{"embeddable":true,"href":"https:\/\/origenproducts.shop\/index.php\/wp-json\/wp\/v2\/media\/489"}],"wp:attachment":[{"href":"https:\/\/origenproducts.shop\/index.php\/wp-json\/wp\/v2\/media?parent=488"}],"wp:term":[{"taxonomy":"product_brand","embeddable":true,"href":"https:\/\/origenproducts.shop\/index.php\/wp-json\/wp\/v2\/product_brand?post=488"},{"taxonomy":"product_cat","embeddable":true,"href":"https:\/\/origenproducts.shop\/index.php\/wp-json\/wp\/v2\/product_cat?post=488"},{"taxonomy":"product_tag","embeddable":true,"href":"https:\/\/origenproducts.shop\/index.php\/wp-json\/wp\/v2\/product_tag?post=488"}],"curies":[{"name":"wp","href":"https:\/\/api.w.org\/{rel}","templated":true}]}}