{"id":494,"date":"2024-06-11T19:35:41","date_gmt":"2024-06-11T22:35:41","guid":{"rendered":"https:\/\/origenproducts.shop\/?post_type=product&#038;p=494"},"modified":"2026-01-01T19:13:14","modified_gmt":"2026-01-01T22:13:14","slug":"emo-bokashi-1kg","status":"publish","type":"product","link":"https:\/\/origenproducts.shop\/index.php\/product\/emo-bokashi-1kg\/","title":{"rendered":"EMO- Bokashi 1Kg"},"content":{"rendered":"<div class=\"elementor-element elementor-element-63164601 elementor-widget elementor-widget-woocommerce-product-title elementor-page-title elementor-widget-heading\" data-id=\"63164601\" data-element_type=\"widget\" data-widget_type=\"woocommerce-product-title.default\">\n<div class=\"elementor-widget-container\">\n<div>Complemento alimenticio fermentado para animales de granja: bovinos, porcinos, aves de corral, ovejas y cabras; con \u00e1cido l\u00e1ctico y valiosos productos metab\u00f3licos de la tecnolog\u00eda EMO.<\/div>\n<div><\/div>\n<div>El fermento de salvado y hierbas es adecuado para la adici\u00f3n diaria a las raciones de alimentos s\u00f3lidos.\u00a0Fabricado con tecnolog\u00eda EMO.<\/div>\n<div>Para la producci\u00f3n, el salvado se mezcla con otros ingredientes y semillas valiosos y se fermenta con la ayuda de microorganismos eficaces EMO. Adem\u00e1s del \u00e1cido l\u00e1ctico natural, se crean muchas vitaminas, enzimas, antioxidantes y otros valiosos productos metab\u00f3licos de EMO. El efecto positivo sobre la digesti\u00f3n y el microbioma es reconocido en animales dom\u00e9sticos y caballos.<\/div>\n<div><\/div>\n<div><strong>Recomendaci\u00f3n de alimentaci\u00f3n:<\/strong><\/div>\n<div><\/div>\n<div>Del 3% al 5% de la raci\u00f3n diaria<\/div>\n<div><\/div>\n<div>Aseg\u00farese de incorporar y aumentar gradualmente la cantidad durante un per\u00edodo de al menos 10 d\u00edas.<\/div>\n<div><\/div>\n<div>Agregue al alimento s\u00f3lido.\u00a0La raci\u00f3n diaria se puede servir con una comida o dividida en varias.\u00a0El EMO-Bokashi no debe agregarse al forraje.<\/div>\n<div><\/div>\n<div><\/div>\n<div><\/div>\n<div>Composici\u00f3n: salvado de trigo, agua, Zeolita fermentada, extracto de hierbas fermentadas y melaza.<\/div>\n<\/div>\n<\/div>\n","protected":false},"excerpt":{"rendered":"<div class=\"elementor-element elementor-element-2ab1f80c elementor-widget elementor-widget-woocommerce-product-short-description\" data-id=\"2ab1f80c\" data-element_type=\"widget\" data-widget_type=\"woocommerce-product-short-description.default\">\n<div class=\"elementor-widget-container\">\n<div class=\"woocommerce-product-details__short-description\">\n<p>Complemento alimenticio fermentado para animales de granja: bovinos, porcinos, aves de corral, ovinos y caprinos.<\/p>\n<\/div>\n<\/div>\n<\/div>\n<div class=\"elementor-element elementor-element-679905c9 elementor-add-to-cart--align-center elementor-add-to-cart-mobile--align-center e-add-to-cart--show-quantity-yes elementor-widget elementor-widget-woocommerce-product-add-to-cart\" data-id=\"679905c9\" data-element_type=\"widget\" data-widget_type=\"woocommerce-product-add-to-cart.default\">\n<div class=\"elementor-widget-container\">\n<div class=\"elementor-add-to-cart elementor-product-simple\">\n<form class=\"cart\" action=\"https:\/\/kommeorganic.com\/producto\/emo-bokashi-1kg\/\" enctype=\"multipart\/form-data\" method=\"post\">\n<div class=\"quantity\"><\/div>\n<\/form>\n<\/div>\n<\/div>\n<\/div>\n","protected":false},"featured_media":495,"comment_status":"open","ping_status":"closed","template":"","meta":{"_monsterinsights_skip_tracking":false,"_monsterinsights_sitenote_active":false,"_monsterinsights_sitenote_note":"","_monsterinsights_sitenote_category":0},"product_brand":[],"product_cat":[28],"product_tag":[],"class_list":{"0":"post-494","1":"product","2":"type-product","3":"status-publish","4":"has-post-thumbnail","6":"product_cat-alimentacion","8":"first","9":"instock","10":"taxable","11":"shipping-taxable","12":"purchasable","13":"product-type-simple"},"_links":{"self":[{"href":"https:\/\/origenproducts.shop\/index.php\/wp-json\/wp\/v2\/product\/494","targetHints":{"allow":["GET"]}}],"collection":[{"href":"https:\/\/origenproducts.shop\/index.php\/wp-json\/wp\/v2\/product"}],"about":[{"href":"https:\/\/origenproducts.shop\/index.php\/wp-json\/wp\/v2\/types\/product"}],"replies":[{"embeddable":true,"href":"https:\/\/origenproducts.shop\/index.php\/wp-json\/wp\/v2\/comments?post=494"}],"wp:featuredmedia":[{"embeddable":true,"href":"https:\/\/origenproducts.shop\/index.php\/wp-json\/wp\/v2\/media\/495"}],"wp:attachment":[{"href":"https:\/\/origenproducts.shop\/index.php\/wp-json\/wp\/v2\/media?parent=494"}],"wp:term":[{"taxonomy":"product_brand","embeddable":true,"href":"https:\/\/origenproducts.shop\/index.php\/wp-json\/wp\/v2\/product_brand?post=494"},{"taxonomy":"product_cat","embeddable":true,"href":"https:\/\/origenproducts.shop\/index.php\/wp-json\/wp\/v2\/product_cat?post=494"},{"taxonomy":"product_tag","embeddable":true,"href":"https:\/\/origenproducts.shop\/index.php\/wp-json\/wp\/v2\/product_tag?post=494"}],"curies":[{"name":"wp","href":"https:\/\/api.w.org\/{rel}","templated":true}]}}