{"id":496,"date":"2024-06-11T19:38:52","date_gmt":"2024-06-11T22:38:52","guid":{"rendered":"https:\/\/origenproducts.shop\/?post_type=product&#038;p=496"},"modified":"2026-01-01T19:12:02","modified_gmt":"2026-01-01T22:12:02","slug":"emo-panela-fermentada-200gr","status":"publish","type":"product","link":"https:\/\/origenproducts.shop\/index.php\/product\/emo-panela-fermentada-200gr\/","title":{"rendered":"EMO PANELA FERMENTADA 200GR"},"content":{"rendered":"<p><strong>P<\/strong><strong>ANELA 100% NATURAL, INTEGRAL, ECOL\u00d3GICA Y ORG\u00c1NICA<\/strong>: Tiene un toque de sabor afrutado y a caramelo. Al ser integral permite una dieta m\u00e1s equilibrada. El az\u00facar moreno se obtiene a trav\u00e9s de la melaza azucarada. Apto para vegetarianos y veganos. Adecuada para usar como ingrediente de cocina, postres, para bebidas calientes y batidos, para endulzar cualquier tipo de plato, caf\u00e9, postre.<\/p>\n<p><strong>RICA EN FERMENTOS<\/strong>: Panela exclusiva con fermentos naturales acido l\u00e1cticos EMO,<\/p>\n<p><strong>FUENTE DE ENERG\u00cdA Y VITALIDAD<\/strong>: Contiene calcio, hierro, potasio, f\u00f3sforo y magnesio.<\/p>\n<p><strong>ELABORADA DE FORMA RESPETUOSA CON EL MEDIOAMBIENTE Y DE COMERCIO JUSTO<\/strong>: Nuestra panela proviene de productores org\u00e1nicos: sin pesticidas, ni herbicidas ni fertilizantes manufacturados, con un manejo m\u00e1s sostenible del suelo. Empaquetada en un paquete resellable.<\/p>\n<p><strong>SIN ADITIVOS<\/strong>: El az\u00facar integral es un tipo de az\u00facar ecol\u00f3gico que no ha atravesado el proceso qu\u00edmico del blanqueado, ni el refinado, y tiene una estructura qu\u00edmica diferente al az\u00facar blanco. No tiene aditivos tales como el carb\u00f3n activado, el di\u00f3xido de azufre o el \u00e1cido fosf\u00f3rico, como si lo tiene su derivada, el az\u00facar blanco.<\/p>\n<p>No contiene ning\u00fan al\u00e9rgeno. Es apta para celiacos y veganos.<\/p>\n<p>Sugerencia de toma: 10 gramos al d\u00eda.<\/p>\n<p>Contiene 50 porciones de 10 gramos<\/p>\n<p>Mantener en un lugar fresco, seco y protegido de la luz.<\/p>\n<p>&nbsp;<\/p>\n","protected":false},"excerpt":{"rendered":"<p><strong>P<\/strong><strong>ANELA 100% NATURAL, INTEGRAL, ECOL\u00d3GICA Y ORG\u00c1NICA<\/strong>: Tiene un toque de sabor afrutado y a caramelo. Al ser integral permite una dieta m\u00e1s equilibrada. El az\u00facar moreno se obtiene a trav\u00e9s de la melaza azucarada. Apto para vegetarianos y veganos. Adecuada para usar como ingrediente de cocina, postres, para bebidas calientes y batidos, para endulzar cualquier tipo de plato, caf\u00e9, postre.<\/p>\n","protected":false},"featured_media":497,"comment_status":"open","ping_status":"closed","template":"","meta":{"_monsterinsights_skip_tracking":false,"_monsterinsights_sitenote_active":false,"_monsterinsights_sitenote_note":"","_monsterinsights_sitenote_category":0},"product_brand":[],"product_cat":[28],"product_tag":[],"class_list":{"0":"post-496","1":"product","2":"type-product","3":"status-publish","4":"has-post-thumbnail","6":"product_cat-alimentacion","8":"first","9":"instock","10":"taxable","11":"shipping-taxable","12":"purchasable","13":"product-type-simple"},"_links":{"self":[{"href":"https:\/\/origenproducts.shop\/index.php\/wp-json\/wp\/v2\/product\/496","targetHints":{"allow":["GET"]}}],"collection":[{"href":"https:\/\/origenproducts.shop\/index.php\/wp-json\/wp\/v2\/product"}],"about":[{"href":"https:\/\/origenproducts.shop\/index.php\/wp-json\/wp\/v2\/types\/product"}],"replies":[{"embeddable":true,"href":"https:\/\/origenproducts.shop\/index.php\/wp-json\/wp\/v2\/comments?post=496"}],"wp:featuredmedia":[{"embeddable":true,"href":"https:\/\/origenproducts.shop\/index.php\/wp-json\/wp\/v2\/media\/497"}],"wp:attachment":[{"href":"https:\/\/origenproducts.shop\/index.php\/wp-json\/wp\/v2\/media?parent=496"}],"wp:term":[{"taxonomy":"product_brand","embeddable":true,"href":"https:\/\/origenproducts.shop\/index.php\/wp-json\/wp\/v2\/product_brand?post=496"},{"taxonomy":"product_cat","embeddable":true,"href":"https:\/\/origenproducts.shop\/index.php\/wp-json\/wp\/v2\/product_cat?post=496"},{"taxonomy":"product_tag","embeddable":true,"href":"https:\/\/origenproducts.shop\/index.php\/wp-json\/wp\/v2\/product_tag?post=496"}],"curies":[{"name":"wp","href":"https:\/\/api.w.org\/{rel}","templated":true}]}}