{"id":499,"date":"2024-06-11T19:45:48","date_gmt":"2024-06-11T22:45:48","guid":{"rendered":"https:\/\/origenproducts.shop\/?post_type=product&#038;p=499"},"modified":"2026-01-01T19:11:29","modified_gmt":"2026-01-01T22:11:29","slug":"emo-body-algarroba-200-gr","status":"publish","type":"product","link":"https:\/\/origenproducts.shop\/index.php\/product\/emo-body-algarroba-200-gr\/","title":{"rendered":"EMO BODY ALGARROBA 200 GR"},"content":{"rendered":"<div class=\"elementor-element elementor-element-2ab1f80c elementor-widget elementor-widget-woocommerce-product-short-description\" data-id=\"2ab1f80c\" data-element_type=\"widget\" data-widget_type=\"woocommerce-product-short-description.default\">\n<div class=\"elementor-widget-container\">\n<div class=\"woocommerce-product-details__short-description\">\n<p style=\"text-align: right;\">Preparado alimenticio de HARINA DE ALGARROBA ECOL\u00d3GICA Y EMO Body (Salvado de Arroz Fermentado con Microorganismos Ben\u00e9ficos).<\/p>\n<ul>\n<li>BAJO CONTENIDO DE GRASA<\/li>\n<li>BAJO CONTENIDO GRASAS SATURADAS<\/li>\n<li>MUY BAJO CONTENIDO DE SAL<\/li>\n<li>ALTO CONTENIDO DE FIBRA VEGETAL<\/li>\n<li>FUENTE DE PROTEINA VEGETAL<\/li>\n<\/ul>\n<p><strong>Preparaci\u00f3n<\/strong>: S\u00edrvase a su gusto en una taza o vaso y a\u00f1ade un poco de leche, agua o cualquier leche vegetal. Remueve con energ\u00eda y termina de llenar la taza, tendr\u00e1s listo para tomar tu sabroso EMO Algarroba.<\/p>\n<p>Ideal para postres, tartas y dulces, masas madre y tostadas con margarita + EMO Algarroba.<\/p>\n<p><strong>Sin Aditivos Y E<\/strong><strong>laborada De Forma Respetuosa Con El Medioambiente Y De Comercio Justo.<\/strong>\u00a0Nuestra algarroba proviene de productores org\u00e1nicos: sin pesticidas, ni herbicidas, ni fertilizantes qu\u00edmicos, con un manejo m\u00e1s sostenible del suelo. Empaquetada en un envase resellable. Es un sustituto del cacao y chocolate (1% de grasa frente al cacao que est\u00e1 entre el 15% y 30%).<\/p>\n<p><strong>Trabajamos<\/strong>\u00a0con\u00a0 producto\u00a0<strong>nacional<\/strong>\u00a0y de\u00a0<strong>calidad<\/strong>, elaborado y envasado\u00a0<strong>artesanalmente<\/strong>\u00a0respetando el\u00a0<strong>medio<\/strong>\u00a0<strong>ambiente<\/strong>. Priorizamos la alimentaci\u00f3n\u00a0<strong>vegana, 100% org\u00e1nica<\/strong>\u00a0y\u00a0<strong>natural<\/strong>, siempre en\u00a0<strong>l\u00ednea<\/strong>\u00a0con nuestros\u00a0<strong>valores<\/strong>.<\/p>\n<\/div>\n<\/div>\n<\/div>\n<div class=\"elementor-element elementor-element-679905c9 elementor-add-to-cart--align-center elementor-add-to-cart-mobile--align-center e-add-to-cart--show-quantity-yes elementor-widget elementor-widget-woocommerce-product-add-to-cart\" data-id=\"679905c9\" data-element_type=\"widget\" data-widget_type=\"woocommerce-product-add-to-cart.default\">\n<div class=\"elementor-widget-container\">\n<div class=\"elementor-add-to-cart elementor-product-simple\">\n<form class=\"cart\" action=\"https:\/\/kommeorganic.com\/producto\/emo-body-algarroba-250-gr\/\" enctype=\"multipart\/form-data\" method=\"post\">\n<div class=\"quantity\">\n<div class=\"bs-quantity\">\n<div class=\"qty-nav\">\n<div class=\"quantity-button quantity-down limit\">&#8211;<\/div>\n<\/div>\n<\/div>\n<\/div>\n<\/form>\n<\/div>\n<\/div>\n<\/div>\n","protected":false},"excerpt":{"rendered":"<p>Preparado alimenticio de HARINA DE ALGARROBA ECOL\u00d3GICA Y EMO Body (Salvado de Arroz Fermentado con Microorganismos Ben\u00e9ficos).<\/p>\n","protected":false},"featured_media":500,"comment_status":"open","ping_status":"closed","template":"","meta":{"_monsterinsights_skip_tracking":false,"_monsterinsights_sitenote_active":false,"_monsterinsights_sitenote_note":"","_monsterinsights_sitenote_category":0},"product_brand":[],"product_cat":[28],"product_tag":[],"class_list":{"0":"post-499","1":"product","2":"type-product","3":"status-publish","4":"has-post-thumbnail","6":"product_cat-alimentacion","8":"first","9":"instock","10":"taxable","11":"shipping-taxable","12":"purchasable","13":"product-type-simple"},"_links":{"self":[{"href":"https:\/\/origenproducts.shop\/index.php\/wp-json\/wp\/v2\/product\/499","targetHints":{"allow":["GET"]}}],"collection":[{"href":"https:\/\/origenproducts.shop\/index.php\/wp-json\/wp\/v2\/product"}],"about":[{"href":"https:\/\/origenproducts.shop\/index.php\/wp-json\/wp\/v2\/types\/product"}],"replies":[{"embeddable":true,"href":"https:\/\/origenproducts.shop\/index.php\/wp-json\/wp\/v2\/comments?post=499"}],"wp:featuredmedia":[{"embeddable":true,"href":"https:\/\/origenproducts.shop\/index.php\/wp-json\/wp\/v2\/media\/500"}],"wp:attachment":[{"href":"https:\/\/origenproducts.shop\/index.php\/wp-json\/wp\/v2\/media?parent=499"}],"wp:term":[{"taxonomy":"product_brand","embeddable":true,"href":"https:\/\/origenproducts.shop\/index.php\/wp-json\/wp\/v2\/product_brand?post=499"},{"taxonomy":"product_cat","embeddable":true,"href":"https:\/\/origenproducts.shop\/index.php\/wp-json\/wp\/v2\/product_cat?post=499"},{"taxonomy":"product_tag","embeddable":true,"href":"https:\/\/origenproducts.shop\/index.php\/wp-json\/wp\/v2\/product_tag?post=499"}],"curies":[{"name":"wp","href":"https:\/\/api.w.org\/{rel}","templated":true}]}}