{"id":501,"date":"2024-06-11T19:48:17","date_gmt":"2024-06-11T22:48:17","guid":{"rendered":"https:\/\/origenproducts.shop\/?post_type=product&#038;p=501"},"modified":"2026-01-01T19:10:56","modified_gmt":"2026-01-01T22:10:56","slug":"emo-ceramicas-05-kg","status":"publish","type":"product","link":"https:\/\/origenproducts.shop\/index.php\/product\/emo-ceramicas-05-kg\/","title":{"rendered":"EMO-CER\u00c1MICAS \u2013 0,5 kg"},"content":{"rendered":"<p>Se elabora fermentando durante diversos meses arcilla rica en microorganismos, que posteriormente se cuece. Tiene un impacto positivo en el agua que ingerimos, as\u00ed como en la que utilizamos para regar las plantas. Tiene un efecto \u00f3ptimo cuando se combina con los limpiadores EMO para el mantenimiento de las tuber\u00edas.<\/p>\n<p>La Cer\u00e1mica EMO Gris activa les sustancias del agua que se pierden cuando est\u00e1 estancada durante un per\u00edodo de tiempo, como puede ser dentro de un jarr\u00f3n o botella, o en una piscina o balsa. Es apto para el compost despu\u00e9s del uso.<\/p>\n","protected":false},"excerpt":{"rendered":"<p>Se elabora fermentando durante diversos meses arcilla rica en microorganismos, que posteriormente se cuece. Tiene un impacto positivo en el agua que ingerimos, as\u00ed como en la que utilizamos para regar las plantas. Tiene un efecto \u00f3ptimo cuando se combina con los limpiadores EMO para el mantenimiento de las tuber\u00edas.<\/p>\n","protected":false},"featured_media":502,"comment_status":"open","ping_status":"closed","template":"","meta":{"_monsterinsights_skip_tracking":false,"_monsterinsights_sitenote_active":false,"_monsterinsights_sitenote_note":"","_monsterinsights_sitenote_category":0},"product_brand":[],"product_cat":[26],"product_tag":[],"class_list":{"0":"post-501","1":"product","2":"type-product","3":"status-publish","4":"has-post-thumbnail","6":"product_cat-salud","8":"first","9":"instock","10":"taxable","11":"shipping-taxable","12":"purchasable","13":"product-type-simple"},"_links":{"self":[{"href":"https:\/\/origenproducts.shop\/index.php\/wp-json\/wp\/v2\/product\/501","targetHints":{"allow":["GET"]}}],"collection":[{"href":"https:\/\/origenproducts.shop\/index.php\/wp-json\/wp\/v2\/product"}],"about":[{"href":"https:\/\/origenproducts.shop\/index.php\/wp-json\/wp\/v2\/types\/product"}],"replies":[{"embeddable":true,"href":"https:\/\/origenproducts.shop\/index.php\/wp-json\/wp\/v2\/comments?post=501"}],"wp:featuredmedia":[{"embeddable":true,"href":"https:\/\/origenproducts.shop\/index.php\/wp-json\/wp\/v2\/media\/502"}],"wp:attachment":[{"href":"https:\/\/origenproducts.shop\/index.php\/wp-json\/wp\/v2\/media?parent=501"}],"wp:term":[{"taxonomy":"product_brand","embeddable":true,"href":"https:\/\/origenproducts.shop\/index.php\/wp-json\/wp\/v2\/product_brand?post=501"},{"taxonomy":"product_cat","embeddable":true,"href":"https:\/\/origenproducts.shop\/index.php\/wp-json\/wp\/v2\/product_cat?post=501"},{"taxonomy":"product_tag","embeddable":true,"href":"https:\/\/origenproducts.shop\/index.php\/wp-json\/wp\/v2\/product_tag?post=501"}],"curies":[{"name":"wp","href":"https:\/\/api.w.org\/{rel}","templated":true}]}}