{"id":503,"date":"2024-06-11T19:51:36","date_gmt":"2024-06-11T22:51:36","guid":{"rendered":"https:\/\/origenproducts.shop\/?post_type=product&#038;p=503"},"modified":"2026-01-01T19:09:44","modified_gmt":"2026-01-01T22:09:44","slug":"emo-gomasio-fermentado","status":"publish","type":"product","link":"https:\/\/origenproducts.shop\/index.php\/product\/emo-gomasio-fermentado\/","title":{"rendered":"EMO Gomasio Fermentado"},"content":{"rendered":"<p style=\"text-align: left;\">Alimento prebi\u00f3tico y probi\u00f3ticos fermentado a base de s\u00e9samo y sal con Microorganismos probi\u00f3ticos ben\u00e9ficos. Ecol\u00f3gico.<\/p>\n<p>Para espolvorear sobre tostadas, ensaladas, sopas y arroz.<\/p>\n<p>Apto para celiacos y Veganos.<\/p>\n<p>&nbsp;<\/p>\n<p>Dosificaci\u00f3n sugerida: 7 gr<\/p>\n","protected":false},"excerpt":{"rendered":"<p>Alimento prebi\u00f3tico y probi\u00f3ticos fermentado a base de s\u00e9samo y sal con Microorganismos probi\u00f3ticos ben\u00e9ficos. Ecol\u00f3gico.<\/p>\n","protected":false},"featured_media":504,"comment_status":"open","ping_status":"closed","template":"","meta":{"_monsterinsights_skip_tracking":false,"_monsterinsights_sitenote_active":false,"_monsterinsights_sitenote_note":"","_monsterinsights_sitenote_category":0},"product_brand":[],"product_cat":[28],"product_tag":[],"class_list":{"0":"post-503","1":"product","2":"type-product","3":"status-publish","4":"has-post-thumbnail","6":"product_cat-alimentacion","8":"first","9":"instock","10":"taxable","11":"shipping-taxable","12":"purchasable","13":"product-type-simple"},"_links":{"self":[{"href":"https:\/\/origenproducts.shop\/index.php\/wp-json\/wp\/v2\/product\/503","targetHints":{"allow":["GET"]}}],"collection":[{"href":"https:\/\/origenproducts.shop\/index.php\/wp-json\/wp\/v2\/product"}],"about":[{"href":"https:\/\/origenproducts.shop\/index.php\/wp-json\/wp\/v2\/types\/product"}],"replies":[{"embeddable":true,"href":"https:\/\/origenproducts.shop\/index.php\/wp-json\/wp\/v2\/comments?post=503"}],"wp:featuredmedia":[{"embeddable":true,"href":"https:\/\/origenproducts.shop\/index.php\/wp-json\/wp\/v2\/media\/504"}],"wp:attachment":[{"href":"https:\/\/origenproducts.shop\/index.php\/wp-json\/wp\/v2\/media?parent=503"}],"wp:term":[{"taxonomy":"product_brand","embeddable":true,"href":"https:\/\/origenproducts.shop\/index.php\/wp-json\/wp\/v2\/product_brand?post=503"},{"taxonomy":"product_cat","embeddable":true,"href":"https:\/\/origenproducts.shop\/index.php\/wp-json\/wp\/v2\/product_cat?post=503"},{"taxonomy":"product_tag","embeddable":true,"href":"https:\/\/origenproducts.shop\/index.php\/wp-json\/wp\/v2\/product_tag?post=503"}],"curies":[{"name":"wp","href":"https:\/\/api.w.org\/{rel}","templated":true}]}}