{"id":505,"date":"2024-06-11T19:54:11","date_gmt":"2024-06-11T22:54:11","guid":{"rendered":"https:\/\/origenproducts.shop\/?post_type=product&#038;p=505"},"modified":"2026-01-01T19:09:10","modified_gmt":"2026-01-01T22:09:10","slug":"emo-minerales-120-ml","status":"publish","type":"product","link":"https:\/\/origenproducts.shop\/index.php\/product\/emo-minerales-120-ml\/","title":{"rendered":"EMO MINERALES 120 ML"},"content":{"rendered":"<p><b>EMO MINERALES. <\/b><span style=\"font-weight: 400;\">Complemento alimenticio a base de agua de mar y sal fermentada.<\/span><\/p>\n<p><span style=\"font-weight: 400;\">Minerales complemento alimenticio a base de agua de mar y sal de mar fermentada.<\/span><\/p>\n<p><span style=\"font-weight: 400;\">Ingredientes <\/span><span style=\"font-weight: 400;\">Agua\u00a0 filtrada-77%Sal marina\u00a0 MARINADA con EMO Life (ingrediente propio)20% Agua de mar. 2,80 %-0,2Bicarbonato<\/span><\/p>\n<p><span style=\"font-weight: 400;\">CONSERVACION:<\/span><\/p>\n<p><span style=\"font-weight: 400;\">ALMACENE EN LUGAR SITIO Y FRESCO Y ALEJADO DE FUENTES DE CALOR. UNA VEZ ABIERTO GUARDAR EN EL REFRIGERADOR.<\/span><\/p>\n<p><b>Modo de empleo:\u00a0<\/b><\/p>\n<p><span style=\"font-weight: 400;\">Tomar<\/span><b> s\u00f3lo o diluir en agua, zumo. Tambi\u00e9n se puede tomar con yogur, ensaladas, infusiones.<\/b><\/p>\n<p><b>Toma diaria 5 ml<\/b><\/p>\n<p><span style=\"font-weight: 400;\">ADVERTENCIAS<\/span><\/p>\n<p><span style=\"font-weight: 400;\">NO EXCEDA LA DOSIS RECOMENDADA. MANTENER ALEJADO DE LOS NI\u00d1OS. LOS COMPLEMENTOS NO DEBEN UTILIZARSE COMO SUSTITUTO DE UNA DIETA EQUILIBRADA. NO UTILIZAR EN CASO DE HIPERSENSIBILIDAD A ALGUNO DE SUS COMPONENTES.<\/span><\/p>\n<p><span style=\"font-weight: 400;\">Al\u00e9rgenos: no contiene ning\u00fan tipo de al\u00e9rgeno.<\/span><\/p>\n<p><span style=\"font-weight: 400;\">Apto para dietas vegetarianas, cel\u00edacas y veganas. Este es un complemento alimenticio y no un producto m\u00e9dico. Los efectos no est\u00e1n garantizados.<\/span><\/p>\n<p>&nbsp;<\/p>\n","protected":false},"excerpt":{"rendered":"<p>Extracto mineral marino con sales de gran calidad.<br \/>\nComplemento Alimenticio. Bebida Prebi\u00f3tica Mineral Marina de gran calidad.<\/p>\n<p>Contiene 92 Oligoelementos<\/p>\n<p>EMO Minerales es un Complemento Alimenticio a base de Sal Marina Fermentada prebi\u00f3tico con 92 oligoelementos es un extracto Mineral Marino con agua de mar y fermentos de microorganismos ben\u00e9ficos.<\/p>\n","protected":false},"featured_media":506,"comment_status":"open","ping_status":"closed","template":"","meta":{"_monsterinsights_skip_tracking":false,"_monsterinsights_sitenote_active":false,"_monsterinsights_sitenote_note":"","_monsterinsights_sitenote_category":0},"product_brand":[],"product_cat":[28],"product_tag":[],"class_list":{"0":"post-505","1":"product","2":"type-product","3":"status-publish","4":"has-post-thumbnail","6":"product_cat-alimentacion","8":"first","9":"instock","10":"taxable","11":"shipping-taxable","12":"purchasable","13":"product-type-simple"},"_links":{"self":[{"href":"https:\/\/origenproducts.shop\/index.php\/wp-json\/wp\/v2\/product\/505","targetHints":{"allow":["GET"]}}],"collection":[{"href":"https:\/\/origenproducts.shop\/index.php\/wp-json\/wp\/v2\/product"}],"about":[{"href":"https:\/\/origenproducts.shop\/index.php\/wp-json\/wp\/v2\/types\/product"}],"replies":[{"embeddable":true,"href":"https:\/\/origenproducts.shop\/index.php\/wp-json\/wp\/v2\/comments?post=505"}],"wp:featuredmedia":[{"embeddable":true,"href":"https:\/\/origenproducts.shop\/index.php\/wp-json\/wp\/v2\/media\/506"}],"wp:attachment":[{"href":"https:\/\/origenproducts.shop\/index.php\/wp-json\/wp\/v2\/media?parent=505"}],"wp:term":[{"taxonomy":"product_brand","embeddable":true,"href":"https:\/\/origenproducts.shop\/index.php\/wp-json\/wp\/v2\/product_brand?post=505"},{"taxonomy":"product_cat","embeddable":true,"href":"https:\/\/origenproducts.shop\/index.php\/wp-json\/wp\/v2\/product_cat?post=505"},{"taxonomy":"product_tag","embeddable":true,"href":"https:\/\/origenproducts.shop\/index.php\/wp-json\/wp\/v2\/product_tag?post=505"}],"curies":[{"name":"wp","href":"https:\/\/api.w.org\/{rel}","templated":true}]}}